{"id":294,"date":"2016-10-06T03:56:06","date_gmt":"2016-10-06T03:56:06","guid":{"rendered":"http:\/\/demowp.cththemes.net\/diopter\/?page_id=294"},"modified":"2022-01-25T05:36:18","modified_gmt":"2022-01-25T09:36:18","slug":"contact","status":"publish","type":"page","link":"https:\/\/arobazconsulting.com\/97tpeconnect\/contact\/","title":{"rendered":"Contact"},"content":{"rendered":"\t\t<div data-elementor-type=\"wp-post\" data-elementor-id=\"294\" class=\"elementor elementor-294\">\n\t\t\t\t\t\t\t\t\t<section class=\"elementor-section elementor-top-section elementor-element elementor-element-4c92ca9 elementor-section-boxed elementor-section-height-default elementor-section-height-default\" data-id=\"4c92ca9\" data-element_type=\"section\">\n\t\t\t\t\t\t<div class=\"elementor-container elementor-column-gap-default\">\n\t\t\t\t\t<div class=\"elementor-column elementor-col-50 elementor-top-column elementor-element elementor-element-cc7ab21\" data-id=\"cc7ab21\" data-element_type=\"column\">\n\t\t\t<div class=\"elementor-widget-wrap elementor-element-populated\">\n\t\t\t\t\t\t\t\t<div class=\"elementor-element elementor-element-a6b7f78 elementor-widget elementor-widget-section_titleleft\" data-id=\"a6b7f78\" data-element_type=\"widget\" data-widget_type=\"section_titleleft.default\">\n\t\t\t\t<div class=\"elementor-widget-container\">\n\t\t\t        <div class=\"ab_text-title fl-wrap\">\n                    <\/div>\n        \t\t<\/div>\n\t\t\t\t<\/div>\n\t\t\t\t<div class=\"elementor-element elementor-element-6c787f9 elementor-widget elementor-widget-image\" data-id=\"6c787f9\" data-element_type=\"widget\" data-widget_type=\"image.default\">\n\t\t\t\t<div class=\"elementor-widget-container\">\n\t\t\t<style>\/*! elementor - v3.15.0 - 20-08-2023 *\/\n.elementor-widget-image{text-align:center}.elementor-widget-image a{display:inline-block}.elementor-widget-image a img[src$=\".svg\"]{width:48px}.elementor-widget-image img{vertical-align:middle;display:inline-block}<\/style>\t\t\t\t\t\t\t\t\t\t\t\t<img width=\"626\" height=\"417\" class=\"attachment-large size-large wp-image-10580 lazy\" alt=\"conact-annuaire-entreprise-guadeloupe\" data-src=\"https:\/\/arobazconsulting.com\/97tpeconnect\/wp-content\/uploads\/2022\/01\/contact-equipe-Tpeconnect.jpg\" data-lazy=\"https:\/\/arobazconsulting.com\/97tpeconnect\/wp-content\/uploads\/2022\/01\/contact-equipe-Tpeconnect.jpg\" \/>\t\t\t\t\t\t\t\t\t\t\t\t\t\t\t<\/div>\n\t\t\t\t<\/div>\n\t\t\t\t<div class=\"elementor-element elementor-element-37a3062 elementor-widget elementor-widget-text-editor\" data-id=\"37a3062\" data-element_type=\"widget\" data-widget_type=\"text-editor.default\">\n\t\t\t\t<div class=\"elementor-widget-container\">\n\t\t\t<style>\/*! elementor - v3.15.0 - 20-08-2023 *\/\n.elementor-widget-text-editor.elementor-drop-cap-view-stacked .elementor-drop-cap{background-color:#69727d;color:#fff}.elementor-widget-text-editor.elementor-drop-cap-view-framed .elementor-drop-cap{color:#69727d;border:3px solid;background-color:transparent}.elementor-widget-text-editor:not(.elementor-drop-cap-view-default) .elementor-drop-cap{margin-top:8px}.elementor-widget-text-editor:not(.elementor-drop-cap-view-default) .elementor-drop-cap-letter{width:1em;height:1em}.elementor-widget-text-editor .elementor-drop-cap{float:left;text-align:center;line-height:1;font-size:50px}.elementor-widget-text-editor .elementor-drop-cap-letter{display:inline-block}<\/style>\t\t\t\t<p>En plus de notre formation en Marketing Digitale, nos exp\u00e9riences tant sur le plan salariale qu&#8217;entrepreneuriale sont nos v\u00e9ritables forces. Nous connaissons les difficult\u00e9s que rencontrent nos entrepreneurs et les enjeux que repr\u00e9sentent le num\u00e9rique dans leurs d\u00e9veloppements.<\/p><p>L&#8217;Ecosyst\u00e8me 97TPEConnect a \u00e9t\u00e9 con\u00e7u pour vous offrir une visibilit\u00e9 multi-canal et vous aider \u00e0 relever ce d\u00e9fi du XXI si\u00e8cle.<\/p><p>Nous tissons une relation de partenariat de longue dur\u00e9e avec nos clients. Cette fid\u00e9lit\u00e9 est un gage de confiance et de qualit\u00e9 de notre accompagnement. Quel que soit votre interrogation prenez contact avec nous.<\/p>\t\t\t\t\t\t<\/div>\n\t\t\t\t<\/div>\n\t\t\t\t<div class=\"elementor-element elementor-element-c03895d elementor-widget elementor-widget-html\" data-id=\"c03895d\" data-element_type=\"widget\" data-widget_type=\"html.default\">\n\t\t\t\t<div class=\"elementor-widget-container\">\n\t\t\t<div class=\"list-author-widget-contacts\">\n    <ul>\n        <li><span><i class=\"fal fa-map-marker\"><\/i> Adress :<\/span> <a href=\"#\">Route de Mare-Gaillard Gosier<\/a><\/li>\n        <li><span><i class=\"fal fa-phone\"><\/i> Telephone :<\/span> <a href=\"#\">+590 690927772<\/a><\/li>\n        <li><span><i class=\"fal fa-envelope\"><\/i> Email :<\/span> <a href=\"#\">contact@arobazconsulting.com<\/a><\/li>\n        <li><span><i class=\"fal fa-globe\"><\/i> SiteWeb :<\/span> <a href=\"https:\/\/arobazconsulting.com\" target=\"_blank\">arobazconsulting.com<\/a><\/li>\n    <\/ul>\n<\/div>\n<div class=\"list-widget-social\">\n    <ul>\n        <li><a href=\"https:\/\/facebook.com\/97tpeconnect\" target=\"_blank\"><i class=\" fab fa-facebook\"><\/i><\/a><\/li>\n        <li><a href=\"#\" target=\"_blank\"><i class=\"fab fa-instagram\"><\/i><\/a><\/li>\n        <li><a href=\"#\" target=\"_blank\"><i class=\"fab fa-whatsapp\"><\/i><\/a><\/li>\n    <\/ul>\n<\/div>\t\t<\/div>\n\t\t\t\t<\/div>\n\t\t\t\t\t<\/div>\n\t\t<\/div>\n\t\t\t\t<div class=\"elementor-column elementor-col-50 elementor-top-column elementor-element elementor-element-0344b6b\" data-id=\"0344b6b\" data-element_type=\"column\">\n\t\t\t<div class=\"elementor-widget-wrap elementor-element-populated\">\n\t\t\t\t\t\t\t\t<div class=\"elementor-element elementor-element-b9fc166 elementor-widget elementor-widget-section_titleleft\" data-id=\"b9fc166\" data-element_type=\"widget\" data-widget_type=\"section_titleleft.default\">\n\t\t\t\t<div class=\"elementor-widget-container\">\n\t\t\t        <div class=\"ab_text-title fl-wrap\">\n                    <\/div>\n        \t\t<\/div>\n\t\t\t\t<\/div>\n\t\t\t\t<div class=\"elementor-element elementor-element-0cdff7c elementor-widget elementor-widget-google_map\" data-id=\"0cdff7c\" data-element_type=\"widget\" data-widget_type=\"google_map.default\">\n\t\t\t\t<div class=\"elementor-widget-container\">\n\t\t\t        <div class=\"map-container\">\n                <div id=\"singleMap69d14cf43f160\" class=\"singleMap singleMap-osm\" data-lat=\"16.2147088\" data-lng=\"-61.4395596\" data-loc=\"Our office - New York City\" data-zoom=\"11\"><\/div>\n\n        <\/div>\n        \t\t<\/div>\n\t\t\t\t<\/div>\n\t\t\t\t<div class=\"elementor-element elementor-element-df448b7 elementor-widget elementor-widget-section_titleleft\" data-id=\"df448b7\" data-element_type=\"widget\" data-widget_type=\"section_titleleft.default\">\n\t\t\t\t<div class=\"elementor-widget-container\">\n\t\t\t        <div class=\"ab_text-title fl-wrap\">\n            <h3>Prenez contact<\/h3>        <\/div>\n        \t\t<\/div>\n\t\t\t\t<\/div>\n\t\t\t\t<div class=\"elementor-element elementor-element-8bdc82f elementor-widget elementor-widget-contact_form7\" data-id=\"8bdc82f\" data-element_type=\"widget\" data-widget_type=\"contact_form7.default\">\n\t\t\t\t<div class=\"elementor-widget-container\">\n\t\t\t        <div class=\"contact-form7\">\n<div class=\"wpcf7 no-js\" id=\"wpcf7-f1582-o1\" lang=\"en-US\" dir=\"ltr\" data-wpcf7-id=\"1582\">\n<div class=\"screen-reader-response\"><p role=\"status\" aria-live=\"polite\" aria-atomic=\"true\"><\/p> <ul><\/ul><\/div>\n<form action=\"\/97tpeconnect\/wp-json\/wp\/v2\/pages\/294#wpcf7-f1582-o1\" method=\"post\" class=\"wpcf7-form init\" aria-label=\"Contact form\" novalidate=\"novalidate\" data-status=\"init\">\n<fieldset class=\"hidden-fields-container\"><input type=\"hidden\" name=\"_wpcf7\" value=\"1582\" \/><input type=\"hidden\" name=\"_wpcf7_version\" value=\"6.1.5\" \/><input type=\"hidden\" name=\"_wpcf7_locale\" value=\"en_US\" \/><input type=\"hidden\" name=\"_wpcf7_unit_tag\" value=\"wpcf7-f1582-o1\" \/><input type=\"hidden\" name=\"_wpcf7_container_post\" value=\"0\" \/><input type=\"hidden\" name=\"_wpcf7_posted_data_hash\" value=\"\" \/>\n<\/fieldset>\n<div class=\"contact-form-holder custom-form\">\n\t<p><span class=\"wpcf7-form-control-wrap\" data-name=\"your-name\"><input size=\"40\" maxlength=\"400\" class=\"wpcf7-form-control wpcf7-text wpcf7-validates-as-required\" aria-required=\"true\" aria-invalid=\"false\" placeholder=\"Votre Nom *\" value=\"\" type=\"text\" name=\"your-name\" \/><\/span>\n\t<\/p>\n\t<p><span class=\"wpcf7-form-control-wrap\" data-name=\"your-email\"><input size=\"40\" maxlength=\"400\" class=\"wpcf7-form-control wpcf7-email wpcf7-validates-as-required wpcf7-text wpcf7-validates-as-email\" aria-required=\"true\" aria-invalid=\"false\" placeholder=\"Votre Email *\" value=\"\" type=\"email\" name=\"your-email\" \/><\/span>\n\t<\/p>\n\t<p><span class=\"wpcf7-form-control-wrap\" data-name=\"your-message\"><textarea cols=\"40\" rows=\"10\" maxlength=\"2000\" class=\"wpcf7-form-control wpcf7-textarea wpcf7-validates-as-required\" aria-required=\"true\" aria-invalid=\"false\" placeholder=\"Votre Message\" name=\"your-message\"><\/textarea><\/span>\n\t<\/p>\n\t<p><input class=\"wpcf7-form-control wpcf7-submit has-spinner btn big-btn color-bg flat-btn\" type=\"submit\" value=\"Envoyer\" \/>\n\t<\/p>\n<\/div><p style=\"display: none !important;\" class=\"akismet-fields-container\" data-prefix=\"_wpcf7_ak_\"><label>&#916;<textarea name=\"_wpcf7_ak_hp_textarea\" cols=\"45\" rows=\"8\" maxlength=\"100\"><\/textarea><\/label><input type=\"hidden\" id=\"ak_js_1\" name=\"_wpcf7_ak_js\" value=\"38\"\/><script>document.getElementById( \"ak_js_1\" ).setAttribute( \"value\", ( new Date() ).getTime() );<\/script><\/p><div class=\"wpcf7-response-output\" aria-hidden=\"true\"><\/div>\n<\/form>\n<\/div>\n<\/div>\n        \t\t<\/div>\n\t\t\t\t<\/div>\n\t\t\t\t\t<\/div>\n\t\t<\/div>\n\t\t\t\t\t\t\t<\/div>\n\t\t<\/section>\n\t\t\t\t<section class=\"elementor-section elementor-top-section elementor-element elementor-element-3da03ab1 gradient-bg join-wrap-cus elementor-section-boxed elementor-section-height-default elementor-section-height-default\" data-id=\"3da03ab1\" data-element_type=\"section\" data-settings=\"{&quot;background_background&quot;:&quot;classic&quot;}\">\n\t\t\t\t\t\t\t<div class=\"elementor-background-overlay\"><\/div>\n\t\t\t\t\t\t\t<div class=\"elementor-container elementor-column-gap-default\">\n\t\t\t\t\t<div class=\"elementor-column elementor-col-66 elementor-top-column elementor-element elementor-element-5e819ff6\" data-id=\"5e819ff6\" data-element_type=\"column\">\n\t\t\t<div class=\"elementor-widget-wrap elementor-element-populated\">\n\t\t\t\t\t\t\t\t<div class=\"elementor-element elementor-element-15c7e2d3 elementor-widget elementor-widget-text-editor\" data-id=\"15c7e2d3\" data-element_type=\"widget\" data-widget_type=\"text-editor.default\">\n\t\t\t\t<div class=\"elementor-widget-container\">\n\t\t\t\t\t\t\t<h3>Joignez-vous \u00e0 la communaut\u00e9 97TPEConnect<\/h3><p>D\u00e9veloppez votre Marketing Digital et soyez satisfait de votre activit\u00e9.<\/p>\t\t\t\t\t\t<\/div>\n\t\t\t\t<\/div>\n\t\t\t\t\t<\/div>\n\t\t<\/div>\n\t\t\t\t<div class=\"elementor-column elementor-col-33 elementor-top-column elementor-element elementor-element-2e70bdad\" data-id=\"2e70bdad\" data-element_type=\"column\">\n\t\t\t<div class=\"elementor-widget-wrap elementor-element-populated\">\n\t\t\t\t\t\t\t\t<div class=\"elementor-element elementor-element-265aeecb elementor-align-center elementor-button-info elementor-widget elementor-widget-button\" data-id=\"265aeecb\" data-element_type=\"widget\" data-widget_type=\"button.default\">\n\t\t\t\t<div class=\"elementor-widget-container\">\n\t\t\t\t\t<div class=\"elementor-button-wrapper\">\n\t\t\t<a class=\"elementor-button elementor-button-link elementor-size-md\" href=\"https:\/\/facebook.com\/97tpeconnect\" target=\"_blank\">\n\t\t\t\t\t\t<span class=\"elementor-button-content-wrapper\">\n\t\t\t\t\t\t<span class=\"elementor-button-icon elementor-align-icon-right\">\n\t\t\t\t<i aria-hidden=\"true\" class=\"fab fa-facebook-f\"><\/i>\t\t\t<\/span>\n\t\t\t\t\t\t<span class=\"elementor-button-text\">Rejoignez-nous<\/span>\n\t\t<\/span>\n\t\t\t\t\t<\/a>\n\t\t<\/div>\n\t\t\t\t<\/div>\n\t\t\t\t<\/div>\n\t\t\t\t\t<\/div>\n\t\t<\/div>\n\t\t\t\t\t\t\t<\/div>\n\t\t<\/section>\n\t\t\t\t\t\t\t<\/div>\n\t\t","protected":false},"excerpt":{"rendered":"<p>En plus de notre formation en Marketing Digitale, nos exp\u00e9riences tant sur le plan salariale qu&#8217;entrepreneuriale sont nos v\u00e9ritables forces. Nous connaissons les difficult\u00e9s que rencontrent nos entrepreneurs et les enjeux que repr\u00e9sentent le num\u00e9rique dans leurs d\u00e9veloppements. L&#8217;Ecosyst\u00e8me 97TPEConnect a \u00e9t\u00e9 con\u00e7u pour vous offrir une visibilit\u00e9 multi-canal et vous aider \u00e0 relever ce &hellip; <\/p>\n","protected":false},"author":1,"featured_media":0,"parent":0,"menu_order":0,"comment_status":"closed","ping_status":"closed","template":"page-fullwidth.php","meta":{"_monsterinsights_skip_tracking":false,"_monsterinsights_sitenote_active":false,"_monsterinsights_sitenote_note":"","_monsterinsights_sitenote_category":0,"footnotes":""},"class_list":["post-294","page","type-page","status-publish","hentry"],"yoast_head":"<!-- This site is optimized with the Yoast SEO plugin v25.4 - https:\/\/yoast.com\/wordpress\/plugins\/seo\/ -->\n<title>Contact - 97TPEConnect<\/title>\n<meta name=\"robots\" content=\"index, follow, max-snippet:-1, max-image-preview:large, max-video-preview:-1\" \/>\n<link rel=\"canonical\" href=\"https:\/\/arobazconsulting.com\/97tpeconnect\/contact\/\" \/>\n<meta property=\"og:locale\" content=\"fr_FR\" \/>\n<meta property=\"og:type\" content=\"article\" \/>\n<meta property=\"og:title\" content=\"Contact - 97TPEConnect\" \/>\n<meta property=\"og:description\" content=\"En plus de notre formation en Marketing Digitale, nos exp\u00e9riences tant sur le plan salariale qu&#8217;entrepreneuriale sont nos v\u00e9ritables forces. Nous connaissons les difficult\u00e9s que rencontrent nos entrepreneurs et les enjeux que repr\u00e9sentent le num\u00e9rique dans leurs d\u00e9veloppements. L&#8217;Ecosyst\u00e8me 97TPEConnect a \u00e9t\u00e9 con\u00e7u pour vous offrir une visibilit\u00e9 multi-canal et vous aider \u00e0 relever ce &hellip;\" \/>\n<meta property=\"og:url\" content=\"https:\/\/arobazconsulting.com\/97tpeconnect\/contact\/\" \/>\n<meta property=\"og:site_name\" content=\"97TPEConnect\" \/>\n<meta property=\"article:modified_time\" content=\"2022-01-25T09:36:18+00:00\" \/>\n<meta property=\"og:image\" content=\"http:\/\/arobazconsulting.com\/97tpeconnect\/wp-content\/uploads\/2022\/01\/contact-equipe-Tpeconnect.jpg\" \/>\n<meta name=\"twitter:card\" content=\"summary_large_image\" \/>\n<meta name=\"twitter:label1\" content=\"Dur\u00e9e de lecture estim\u00e9e\" \/>\n\t<meta name=\"twitter:data1\" content=\"1 minute\" \/>\n<script type=\"application\/ld+json\" class=\"yoast-schema-graph\">{\"@context\":\"https:\/\/schema.org\",\"@graph\":[{\"@type\":\"WebPage\",\"@id\":\"https:\/\/arobazconsulting.com\/97tpeconnect\/contact\/\",\"url\":\"https:\/\/arobazconsulting.com\/97tpeconnect\/contact\/\",\"name\":\"Contact - 97TPEConnect\",\"isPartOf\":{\"@id\":\"https:\/\/arobazconsulting.com\/97tpeconnect\/#website\"},\"primaryImageOfPage\":{\"@id\":\"https:\/\/arobazconsulting.com\/97tpeconnect\/contact\/#primaryimage\"},\"image\":{\"@id\":\"https:\/\/arobazconsulting.com\/97tpeconnect\/contact\/#primaryimage\"},\"thumbnailUrl\":\"http:\/\/arobazconsulting.com\/97tpeconnect\/wp-content\/uploads\/2022\/01\/contact-equipe-Tpeconnect.jpg\",\"datePublished\":\"2016-10-06T03:56:06+00:00\",\"dateModified\":\"2022-01-25T09:36:18+00:00\",\"breadcrumb\":{\"@id\":\"https:\/\/arobazconsulting.com\/97tpeconnect\/contact\/#breadcrumb\"},\"inLanguage\":\"fr-FR\",\"potentialAction\":[{\"@type\":\"ReadAction\",\"target\":[\"https:\/\/arobazconsulting.com\/97tpeconnect\/contact\/\"]}]},{\"@type\":\"ImageObject\",\"inLanguage\":\"fr-FR\",\"@id\":\"https:\/\/arobazconsulting.com\/97tpeconnect\/contact\/#primaryimage\",\"url\":\"http:\/\/arobazconsulting.com\/97tpeconnect\/wp-content\/uploads\/2022\/01\/contact-equipe-Tpeconnect.jpg\",\"contentUrl\":\"http:\/\/arobazconsulting.com\/97tpeconnect\/wp-content\/uploads\/2022\/01\/contact-equipe-Tpeconnect.jpg\"},{\"@type\":\"BreadcrumbList\",\"@id\":\"https:\/\/arobazconsulting.com\/97tpeconnect\/contact\/#breadcrumb\",\"itemListElement\":[{\"@type\":\"ListItem\",\"position\":1,\"name\":\"Accueil\",\"item\":\"https:\/\/arobazconsulting.com\/97tpeconnect\/\"},{\"@type\":\"ListItem\",\"position\":2,\"name\":\"Contact\"}]},{\"@type\":\"WebSite\",\"@id\":\"https:\/\/arobazconsulting.com\/97tpeconnect\/#website\",\"url\":\"https:\/\/arobazconsulting.com\/97tpeconnect\/\",\"name\":\"97TPEConnect\",\"description\":\"Site de test\",\"potentialAction\":[{\"@type\":\"SearchAction\",\"target\":{\"@type\":\"EntryPoint\",\"urlTemplate\":\"https:\/\/arobazconsulting.com\/97tpeconnect\/?s={search_term_string}\"},\"query-input\":{\"@type\":\"PropertyValueSpecification\",\"valueRequired\":true,\"valueName\":\"search_term_string\"}}],\"inLanguage\":\"fr-FR\"}]}<\/script>\n<!-- \/ Yoast SEO plugin. -->","yoast_head_json":{"title":"Contact - 97TPEConnect","robots":{"index":"index","follow":"follow","max-snippet":"max-snippet:-1","max-image-preview":"max-image-preview:large","max-video-preview":"max-video-preview:-1"},"canonical":"https:\/\/arobazconsulting.com\/97tpeconnect\/contact\/","og_locale":"fr_FR","og_type":"article","og_title":"Contact - 97TPEConnect","og_description":"En plus de notre formation en Marketing Digitale, nos exp\u00e9riences tant sur le plan salariale qu&#8217;entrepreneuriale sont nos v\u00e9ritables forces. Nous connaissons les difficult\u00e9s que rencontrent nos entrepreneurs et les enjeux que repr\u00e9sentent le num\u00e9rique dans leurs d\u00e9veloppements. L&#8217;Ecosyst\u00e8me 97TPEConnect a \u00e9t\u00e9 con\u00e7u pour vous offrir une visibilit\u00e9 multi-canal et vous aider \u00e0 relever ce &hellip;","og_url":"https:\/\/arobazconsulting.com\/97tpeconnect\/contact\/","og_site_name":"97TPEConnect","article_modified_time":"2022-01-25T09:36:18+00:00","og_image":[{"url":"http:\/\/arobazconsulting.com\/97tpeconnect\/wp-content\/uploads\/2022\/01\/contact-equipe-Tpeconnect.jpg","type":"","width":"","height":""}],"twitter_card":"summary_large_image","twitter_misc":{"Dur\u00e9e de lecture estim\u00e9e":"1 minute"},"schema":{"@context":"https:\/\/schema.org","@graph":[{"@type":"WebPage","@id":"https:\/\/arobazconsulting.com\/97tpeconnect\/contact\/","url":"https:\/\/arobazconsulting.com\/97tpeconnect\/contact\/","name":"Contact - 97TPEConnect","isPartOf":{"@id":"https:\/\/arobazconsulting.com\/97tpeconnect\/#website"},"primaryImageOfPage":{"@id":"https:\/\/arobazconsulting.com\/97tpeconnect\/contact\/#primaryimage"},"image":{"@id":"https:\/\/arobazconsulting.com\/97tpeconnect\/contact\/#primaryimage"},"thumbnailUrl":"http:\/\/arobazconsulting.com\/97tpeconnect\/wp-content\/uploads\/2022\/01\/contact-equipe-Tpeconnect.jpg","datePublished":"2016-10-06T03:56:06+00:00","dateModified":"2022-01-25T09:36:18+00:00","breadcrumb":{"@id":"https:\/\/arobazconsulting.com\/97tpeconnect\/contact\/#breadcrumb"},"inLanguage":"fr-FR","potentialAction":[{"@type":"ReadAction","target":["https:\/\/arobazconsulting.com\/97tpeconnect\/contact\/"]}]},{"@type":"ImageObject","inLanguage":"fr-FR","@id":"https:\/\/arobazconsulting.com\/97tpeconnect\/contact\/#primaryimage","url":"http:\/\/arobazconsulting.com\/97tpeconnect\/wp-content\/uploads\/2022\/01\/contact-equipe-Tpeconnect.jpg","contentUrl":"http:\/\/arobazconsulting.com\/97tpeconnect\/wp-content\/uploads\/2022\/01\/contact-equipe-Tpeconnect.jpg"},{"@type":"BreadcrumbList","@id":"https:\/\/arobazconsulting.com\/97tpeconnect\/contact\/#breadcrumb","itemListElement":[{"@type":"ListItem","position":1,"name":"Accueil","item":"https:\/\/arobazconsulting.com\/97tpeconnect\/"},{"@type":"ListItem","position":2,"name":"Contact"}]},{"@type":"WebSite","@id":"https:\/\/arobazconsulting.com\/97tpeconnect\/#website","url":"https:\/\/arobazconsulting.com\/97tpeconnect\/","name":"97TPEConnect","description":"Site de test","potentialAction":[{"@type":"SearchAction","target":{"@type":"EntryPoint","urlTemplate":"https:\/\/arobazconsulting.com\/97tpeconnect\/?s={search_term_string}"},"query-input":{"@type":"PropertyValueSpecification","valueRequired":true,"valueName":"search_term_string"}}],"inLanguage":"fr-FR"}]}},"jetpack_sharing_enabled":true,"_links":{"self":[{"href":"https:\/\/arobazconsulting.com\/97tpeconnect\/wp-json\/wp\/v2\/pages\/294","targetHints":{"allow":["GET"]}}],"collection":[{"href":"https:\/\/arobazconsulting.com\/97tpeconnect\/wp-json\/wp\/v2\/pages"}],"about":[{"href":"https:\/\/arobazconsulting.com\/97tpeconnect\/wp-json\/wp\/v2\/types\/page"}],"author":[{"embeddable":true,"href":"https:\/\/arobazconsulting.com\/97tpeconnect\/wp-json\/wp\/v2\/users\/1"}],"replies":[{"embeddable":true,"href":"https:\/\/arobazconsulting.com\/97tpeconnect\/wp-json\/wp\/v2\/comments?post=294"}],"version-history":[{"count":62,"href":"https:\/\/arobazconsulting.com\/97tpeconnect\/wp-json\/wp\/v2\/pages\/294\/revisions"}],"predecessor-version":[{"id":10592,"href":"https:\/\/arobazconsulting.com\/97tpeconnect\/wp-json\/wp\/v2\/pages\/294\/revisions\/10592"}],"wp:attachment":[{"href":"https:\/\/arobazconsulting.com\/97tpeconnect\/wp-json\/wp\/v2\/media?parent=294"}],"curies":[{"name":"wp","href":"https:\/\/api.w.org\/{rel}","templated":true}]}}